{"id":15,"date":"2016-01-25T14:56:16","date_gmt":"2016-01-25T13:56:16","guid":{"rendered":"http:\/\/blog-bases-departementales.tarn.fr\/?page_id=15"},"modified":"2022-10-26T17:24:39","modified_gmt":"2022-10-26T16:24:39","slug":"contactez-nous","status":"publish","type":"page","link":"https:\/\/blog-bases-departementales.tarn.fr\/index.php\/contactez-nous\/","title":{"rendered":"Contactez-nous"},"content":{"rendered":"<h2>Informations et r\u00e9servations<\/h2>\n<p class=\"bodytext\"><b>Adresse :<\/b> H\u00f4tel du D\u00e9partement &#8211; Lices Georges Pompidou &#8211; 81000 ALBI<\/p>\n<p class=\"bodytext\"><b>T\u00e9l\u00e9phone :<\/b> 05 67 89 62 22<\/p>\n<p class=\"bodytext\"><b>Courriel :<\/b> <a href=\"mailto:bases.departementales@tarn.fr\">bases.departementales@tarn.fr<\/a><\/p>\n<h2>Base de Razisse<\/h2>\n<p class=\"bodytext\"><b>Adresse :<\/b> Base D\u00e9partementale de Razisse &#8211; 476 Chemin du Barrage &#8211; 81120 Razisse<\/p>\n<p class=\"bodytext\"><b>T\u00e9l\u00e9phone :<\/b> 05 63 55 72 09<\/p>\n<p class=\"bodytext\"><b>Courriel :<\/b> <a href=\"mailto:base.departementale-razisse@tarn.fr\"><span style=\"color: #0066cc;\">base.departementale-razisse@tarn.fr<\/span><\/a><\/p>\n<h2>Base de S\u00e9r\u00e9nac<\/h2>\n<p class=\"bodytext\"><b>Adresse :<\/b> Base D\u00e9partementale de S\u00e9r\u00e9nac &#8211; 76 Chemin de la For\u00eat &#8211; 81350 S\u00e9r\u00e9nac<\/p>\n<p class=\"bodytext\"><b>T\u00e9l\u00e9phone :<\/b> 05 63 56 41 72<\/p>\n<p class=\"bodytext\"><b>Courriel :<\/b> <a href=\"mailto:base.departementale-serenac@tarn.fr\"><span style=\"color: #0066cc;\">base.departementale-serenac@tarn.fr<\/span><\/a><\/p>\n<h2>Formulaire de contact<\/h2>\n\n<div class=\"wpcf7 no-js\" id=\"wpcf7-f14-o1\" lang=\"fr-FR\" dir=\"ltr\" data-wpcf7-id=\"14\">\n<div class=\"screen-reader-response\"><p role=\"status\" aria-live=\"polite\" aria-atomic=\"true\"><\/p> <ul><\/ul><\/div>\n<form action=\"\/index.php\/wp-json\/wp\/v2\/pages\/15#wpcf7-f14-o1\" method=\"post\" class=\"wpcf7-form init\" aria-label=\"Formulaire de contact\" novalidate=\"novalidate\" data-status=\"init\">\n<div style=\"display: none;\">\n<input type=\"hidden\" name=\"_wpcf7\" value=\"14\" \/>\n<input type=\"hidden\" name=\"_wpcf7_version\" value=\"6.0.3\" \/>\n<input type=\"hidden\" name=\"_wpcf7_locale\" value=\"fr_FR\" \/>\n<input type=\"hidden\" name=\"_wpcf7_unit_tag\" value=\"wpcf7-f14-o1\" \/>\n<input type=\"hidden\" name=\"_wpcf7_container_post\" value=\"0\" \/>\n<input type=\"hidden\" name=\"_wpcf7_posted_data_hash\" value=\"\" \/>\n<\/div>\n<p>Votre nom (obligatoire)\n<\/p>\n<p><span class=\"wpcf7-form-control-wrap\" data-name=\"your-name\"><input size=\"40\" maxlength=\"400\" class=\"wpcf7-form-control wpcf7-text wpcf7-validates-as-required\" aria-required=\"true\" aria-invalid=\"false\" value=\"\" type=\"text\" name=\"your-name\" \/><\/span>\n<\/p>\n<p>Votre email (obligatoire)\n<\/p>\n<p><span class=\"wpcf7-form-control-wrap\" data-name=\"your-email\"><input size=\"40\" maxlength=\"400\" class=\"wpcf7-form-control wpcf7-email wpcf7-validates-as-required wpcf7-text wpcf7-validates-as-email\" aria-required=\"true\" aria-invalid=\"false\" value=\"\" type=\"email\" name=\"your-email\" \/><\/span>\n<\/p>\n<p>Sujet\n<\/p>\n<p><span class=\"wpcf7-form-control-wrap\" data-name=\"your-subject\"><input size=\"40\" maxlength=\"400\" class=\"wpcf7-form-control wpcf7-text wpcf7-validates-as-required\" aria-required=\"true\" aria-invalid=\"false\" value=\"\" type=\"text\" name=\"your-subject\" \/><\/span>\n<\/p>\n<p>Votre message\n<\/p>\n<p><span class=\"wpcf7-form-control-wrap\" data-name=\"your-message\"><textarea cols=\"40\" rows=\"10\" maxlength=\"2000\" class=\"wpcf7-form-control wpcf7-textarea\" aria-invalid=\"false\" name=\"your-message\"><\/textarea><\/span>\n<\/p>\n<p><input class=\"wpcf7-form-control wpcf7-submit has-spinner\" type=\"submit\" value=\"Envoyer\" \/>\n<\/p><div class=\"wpcf7-response-output\" aria-hidden=\"true\"><\/div>\n<\/form>\n<\/div>\n\n","protected":false},"excerpt":{"rendered":"<p>Informations et r\u00e9servations Adresse : H\u00f4tel du D\u00e9partement &#8211; Lices Georges Pompidou &#8211; 81000 ALBI T\u00e9l\u00e9phone : 05 67 89 62 22 Courriel : bases.departementales@tarn.fr Base de Razisse Adresse : Base D\u00e9partementale de Razisse &#8211; 476 Chemin du Barrage &#8211; 81120 Razisse T\u00e9l\u00e9phone : 05 63 55 72 09 Courriel : base.departementale-razisse@tarn.fr Base de S\u00e9r\u00e9nac Adresse : Base D\u00e9partementale de S\u00e9r\u00e9nac &#8211; 76 Chemin de la For\u00eat &#8211; 81350 S\u00e9r\u00e9nac T\u00e9l\u00e9phone : 05 63 56 41 72 Courriel : base.departementale-serenac@tarn.fr Formulaire de contact<\/p>\n","protected":false},"author":1,"featured_media":0,"parent":0,"menu_order":0,"comment_status":"closed","ping_status":"closed","template":"","meta":{"footnotes":""},"class_list":["post-15","page","type-page","status-publish","hentry"],"_links":{"self":[{"href":"https:\/\/blog-bases-departementales.tarn.fr\/index.php\/wp-json\/wp\/v2\/pages\/15","targetHints":{"allow":["GET"]}}],"collection":[{"href":"https:\/\/blog-bases-departementales.tarn.fr\/index.php\/wp-json\/wp\/v2\/pages"}],"about":[{"href":"https:\/\/blog-bases-departementales.tarn.fr\/index.php\/wp-json\/wp\/v2\/types\/page"}],"author":[{"embeddable":true,"href":"https:\/\/blog-bases-departementales.tarn.fr\/index.php\/wp-json\/wp\/v2\/users\/1"}],"replies":[{"embeddable":true,"href":"https:\/\/blog-bases-departementales.tarn.fr\/index.php\/wp-json\/wp\/v2\/comments?post=15"}],"version-history":[{"count":10,"href":"https:\/\/blog-bases-departementales.tarn.fr\/index.php\/wp-json\/wp\/v2\/pages\/15\/revisions"}],"predecessor-version":[{"id":1146,"href":"https:\/\/blog-bases-departementales.tarn.fr\/index.php\/wp-json\/wp\/v2\/pages\/15\/revisions\/1146"}],"wp:attachment":[{"href":"https:\/\/blog-bases-departementales.tarn.fr\/index.php\/wp-json\/wp\/v2\/media?parent=15"}],"curies":[{"name":"wp","href":"https:\/\/api.w.org\/{rel}","templated":true}]}}